{"id":74,"date":"2020-01-12T18:07:28","date_gmt":"2020-01-12T17:07:28","guid":{"rendered":"http:\/\/ahaceda.hr\/?page_id=74"},"modified":"2020-01-12T18:07:28","modified_gmt":"2020-01-12T17:07:28","slug":"o-ahacedi","status":"publish","type":"page","link":"https:\/\/ahaceda.hr\/index.php\/o-ahacedi\/","title":{"rendered":"O Ahacedi"},"content":{"rendered":"\n<p class=\"has-drop-cap\"><strong>Ahaceda<\/strong> je mjesto koje se zala\u017ee za\ncjeloviti pristup svakom u\u010deniku kao osobi sa svojim specifi\u010dnostima, \u017eeljama i\nafinitetima. Ideja nije ukalupiti u\u010denike u jednom pravcu nego ih potaknuti na\nrast i razvoj kako glazbenika amatera tako i profesionalnih glazbenika, ali\nprvenstveno potaknuti osobni razvoj. <\/p>\n\n\n\n<p><strong>Ahaceda<\/strong> je nekompetitivni Moderni glazbeni\ninstitut koji u malim grupama ili privatnim satovima poku\u0161ava glazbu pribli\u017eiti\npojedincu kroz sviranje, sviranje i samo sviranje.&nbsp; <\/p>\n\n\n\n<p>Glavno\nodredi\u0161te za modernu improvizaciju u Hrvatskoj i nove pristupe pedagogiji.&nbsp; <\/p>\n\n\n\n<p><strong>Ahaceda<\/strong> je Moderni glazbeni institut za\ncjelo\u017eivotno u\u010denje. <\/p>\n\n\n\n<p>Neovisno\no dobi pojedinca:<\/p>\n\n\n\n<ul class=\"wp-block-list\"><li>za osnovno\u0161kolce<\/li><li>za srednjo\u0161kolce<\/li><li>za u\u010denike koji su zavr\u0161ili srednju glazbenu \u0161kolu, a htjeli bi jo\u0161 vje\u017ebati i ostati u sustavu glazbene \u0161kole<\/li><li>za u\u010denike koji nisu upisali akademiju, pa se pripremaju za prijemni ispit za sljede\u0107u godinu, a ovaj predmet bi bio samo osvje\u017eenje u dnevnoj rutini vje\u017ebanja<\/li><li>za u\u010denike koji sviraju u sastavima, bendovima pa da pro\u0161ire znanje o prakti\u010dnoj harmoniji i improvizaciji<\/li><li>za u\u010denike koje zanima isklju\u010divo jazz ili priprema za prijemni ispit na jazz akademiji<\/li><li>za roditelje i djecu<\/li><li>za u\u010denike s problemima u ritmu i generalnom pulsu ili koji imaju neke individualne pote\u0161ko\u0107e kao \u0161to su lo\u0161e pam\u0107enje glazbenih re\u010denica, strah od sviranja, mogu\u0107e odustajanje od poha\u0111anja nastave glazbenih predmeta jer postoji ukupna nezainteresiranost.Takvi u\u010denici ne moraju imati nikakvo predznanje i slobodno mogu dolaziti na ovakav predmet, a predmet \u0107e se prilagoditi njihovim potrebama<\/li><li>za one koje se \u017eele samo opustiti i svirati ne\u0161to kreativno<\/li><li> naprosto za sve one koje \u017eele u\u010diti o glazbi i svirati glazbu  <\/li><\/ul>\n\n\n\n<div class=\"wp-block-group alignfull\"><div class=\"wp-block-group__inner-container is-layout-flow wp-block-group-is-layout-flow\">\n<div class=\"wp-block-group alignwide has-background\" style=\"background-color:#ffffff\"><div class=\"wp-block-group__inner-container is-layout-flow wp-block-group-is-layout-flow\">\n<div class=\"wp-block-group\"><div class=\"wp-block-group__inner-container is-layout-flow wp-block-group-is-layout-flow\">\n<h2 class=\"has-text-align-center wp-block-heading\" id=\"kontakt\">Slobodno nam se javite!<\/h2>\n\n\n<div class=\"wpforms-container wpforms-container-full wpforms-block\" id=\"wpforms-106\"><form id=\"wpforms-form-106\" class=\"wpforms-validate wpforms-form\" data-formid=\"106\" method=\"post\" enctype=\"multipart\/form-data\" action=\"\/index.php\/wp-json\/wp\/v2\/pages\/74\" data-token=\"f484f30a791dd68de4ab5894f5ef7212\" data-token-time=\"1778141358\"><noscript class=\"wpforms-error-noscript\">Please enable JavaScript in your browser to complete this form.<\/noscript><div class=\"wpforms-field-container\"><div id=\"wpforms-106-field_0-container\" class=\"wpforms-field wpforms-field-name\" data-field-id=\"0\"><label class=\"wpforms-field-label\" for=\"wpforms-106-field_0\">Ime <span class=\"wpforms-required-label\">*<\/span><\/label><input type=\"text\" id=\"wpforms-106-field_0\" class=\"wpforms-field-medium wpforms-field-required\" name=\"wpforms[fields][0]\" required><\/div><div id=\"wpforms-106-field_1-container\" class=\"wpforms-field wpforms-field-email\" data-field-id=\"1\"><label class=\"wpforms-field-label\" for=\"wpforms-106-field_1\">Email <span class=\"wpforms-required-label\">*<\/span><\/label><input type=\"email\" id=\"wpforms-106-field_1\" class=\"wpforms-field-medium wpforms-field-required\" name=\"wpforms[fields][1]\" spellcheck=\"false\" required><\/div><div id=\"wpforms-106-field_2-container\" class=\"wpforms-field wpforms-field-textarea\" data-field-id=\"2\"><label class=\"wpforms-field-label\" for=\"wpforms-106-field_2\">Zanima me <span class=\"wpforms-required-label\">*<\/span><\/label><textarea id=\"wpforms-106-field_2\" class=\"wpforms-field-medium wpforms-field-required\" name=\"wpforms[fields][2]\" required><\/textarea><\/div><\/div><!-- .wpforms-field-container --><div class=\"wpforms-field wpforms-field-hp\"><label for=\"wpforms-106-field-hp\" class=\"wpforms-field-label\">Name<\/label><input type=\"text\" name=\"wpforms[hp]\" id=\"wpforms-106-field-hp\" class=\"wpforms-field-medium\"><\/div><div class=\"wpforms-submit-container\" ><input type=\"hidden\" name=\"wpforms[id]\" value=\"106\"><input type=\"hidden\" name=\"page_title\" value=\"\"><input type=\"hidden\" name=\"page_url\" value=\"https:\/\/ahaceda.hr\/index.php\/wp-json\/wp\/v2\/pages\/74\"><input type=\"hidden\" name=\"url_referer\" value=\"\"><button type=\"submit\" name=\"wpforms[submit]\" id=\"wpforms-submit-106\" class=\"wpforms-submit\" data-alt-text=\"\u0160aljem...\" data-submit-text=\"Po\u0161alji\" aria-live=\"assertive\" value=\"wpforms-submit\">Po\u0161alji<\/button><\/div><\/form><\/div>  <!-- .wpforms-container -->\n\n\n<p class=\"has-text-align-center\">Zovite nas na 099 5857 106, ili nam nam pi\u0161ite na <a href=\"mailto:ahaceda@gmail.com\">ahaceda@gmail.com<\/a><\/p>\n<\/div><\/div>\n<\/div><\/div>\n<\/div><\/div>\n","protected":false},"excerpt":{"rendered":"<p>Ahaceda je mjesto koje se zala\u017ee za cjeloviti pristup svakom u\u010deniku kao osobi sa svojim specifi\u010dnostima, \u017eeljama i afinitetima. Ideja nije ukalupiti u\u010denike u jednom pravcu nego ih potaknuti na rast i razvoj kako glazbenika amatera tako i profesionalnih glazbenika, ali prvenstveno potaknuti osobni razvoj. Ahaceda je nekompetitivni Moderni glazbeni institut koji u malim grupama [&hellip;]<\/p>\n","protected":false},"author":1,"featured_media":0,"parent":0,"menu_order":0,"comment_status":"closed","ping_status":"closed","template":"","meta":{"_uag_custom_page_level_css":"","footnotes":""},"class_list":["post-74","page","type-page","status-publish","hentry"],"yoast_head":"<!-- This site is optimized with the Yoast SEO plugin v26.2 - https:\/\/yoast.com\/wordpress\/plugins\/seo\/ -->\n<title>O Ahacedi - Ahaceda<\/title>\n<meta name=\"robots\" content=\"index, follow, max-snippet:-1, max-image-preview:large, max-video-preview:-1\" \/>\n<link rel=\"canonical\" href=\"https:\/\/ahaceda.hr\/index.php\/o-ahacedi\/\" \/>\n<meta property=\"og:locale\" content=\"hr_HR\" \/>\n<meta property=\"og:type\" content=\"article\" \/>\n<meta property=\"og:title\" content=\"O Ahacedi - Ahaceda\" \/>\n<meta property=\"og:description\" content=\"Ahaceda je mjesto koje se zala\u017ee za cjeloviti pristup svakom u\u010deniku kao osobi sa svojim specifi\u010dnostima, \u017eeljama i afinitetima. Ideja nije ukalupiti u\u010denike u jednom pravcu nego ih potaknuti na rast i razvoj kako glazbenika amatera tako i profesionalnih glazbenika, ali prvenstveno potaknuti osobni razvoj. Ahaceda je nekompetitivni Moderni glazbeni institut koji u malim grupama [&hellip;]\" \/>\n<meta property=\"og:url\" content=\"https:\/\/ahaceda.hr\/index.php\/o-ahacedi\/\" \/>\n<meta property=\"og:site_name\" content=\"Ahaceda\" \/>\n<meta name=\"twitter:card\" content=\"summary_large_image\" \/>\n<meta name=\"twitter:label1\" content=\"Procijenjeno vrijeme \u010ditanja\" \/>\n\t<meta name=\"twitter:data1\" content=\"1 minuta\" \/>\n<script type=\"application\/ld+json\" class=\"yoast-schema-graph\">{\"@context\":\"https:\/\/schema.org\",\"@graph\":[{\"@type\":\"WebPage\",\"@id\":\"https:\/\/ahaceda.hr\/index.php\/o-ahacedi\/\",\"url\":\"https:\/\/ahaceda.hr\/index.php\/o-ahacedi\/\",\"name\":\"O Ahacedi - Ahaceda\",\"isPartOf\":{\"@id\":\"https:\/\/ahaceda.hr\/#website\"},\"datePublished\":\"2020-01-12T17:07:28+00:00\",\"breadcrumb\":{\"@id\":\"https:\/\/ahaceda.hr\/index.php\/o-ahacedi\/#breadcrumb\"},\"inLanguage\":\"hr\",\"potentialAction\":[{\"@type\":\"ReadAction\",\"target\":[\"https:\/\/ahaceda.hr\/index.php\/o-ahacedi\/\"]}]},{\"@type\":\"BreadcrumbList\",\"@id\":\"https:\/\/ahaceda.hr\/index.php\/o-ahacedi\/#breadcrumb\",\"itemListElement\":[{\"@type\":\"ListItem\",\"position\":1,\"name\":\"Po\u010detna stranica\",\"item\":\"https:\/\/ahaceda.hr\/\"},{\"@type\":\"ListItem\",\"position\":2,\"name\":\"O Ahacedi\"}]},{\"@type\":\"WebSite\",\"@id\":\"https:\/\/ahaceda.hr\/#website\",\"url\":\"https:\/\/ahaceda.hr\/\",\"name\":\"Ahaceda\",\"description\":\"Muzi\u010dko obrazovanje iz druge dimenzije\",\"publisher\":{\"@id\":\"https:\/\/ahaceda.hr\/#organization\"},\"potentialAction\":[{\"@type\":\"SearchAction\",\"target\":{\"@type\":\"EntryPoint\",\"urlTemplate\":\"https:\/\/ahaceda.hr\/?s={search_term_string}\"},\"query-input\":{\"@type\":\"PropertyValueSpecification\",\"valueRequired\":true,\"valueName\":\"search_term_string\"}}],\"inLanguage\":\"hr\"},{\"@type\":\"Organization\",\"@id\":\"https:\/\/ahaceda.hr\/#organization\",\"name\":\"Ahaceda - moderna glazbena nastava\",\"url\":\"https:\/\/ahaceda.hr\/\",\"logo\":{\"@type\":\"ImageObject\",\"inLanguage\":\"hr\",\"@id\":\"https:\/\/ahaceda.hr\/#\/schema\/logo\/image\/\",\"url\":\"http:\/\/ahaceda.hr\/wp-content\/uploads\/2020\/03\/logo-ahaceda.png\",\"contentUrl\":\"http:\/\/ahaceda.hr\/wp-content\/uploads\/2020\/03\/logo-ahaceda.png\",\"width\":512,\"height\":512,\"caption\":\"Ahaceda - moderna glazbena nastava\"},\"image\":{\"@id\":\"https:\/\/ahaceda.hr\/#\/schema\/logo\/image\/\"}}]}<\/script>\n<!-- \/ Yoast SEO plugin. -->","yoast_head_json":{"title":"O Ahacedi - Ahaceda","robots":{"index":"index","follow":"follow","max-snippet":"max-snippet:-1","max-image-preview":"max-image-preview:large","max-video-preview":"max-video-preview:-1"},"canonical":"https:\/\/ahaceda.hr\/index.php\/o-ahacedi\/","og_locale":"hr_HR","og_type":"article","og_title":"O Ahacedi - Ahaceda","og_description":"Ahaceda je mjesto koje se zala\u017ee za cjeloviti pristup svakom u\u010deniku kao osobi sa svojim specifi\u010dnostima, \u017eeljama i afinitetima. Ideja nije ukalupiti u\u010denike u jednom pravcu nego ih potaknuti na rast i razvoj kako glazbenika amatera tako i profesionalnih glazbenika, ali prvenstveno potaknuti osobni razvoj. Ahaceda je nekompetitivni Moderni glazbeni institut koji u malim grupama [&hellip;]","og_url":"https:\/\/ahaceda.hr\/index.php\/o-ahacedi\/","og_site_name":"Ahaceda","twitter_card":"summary_large_image","twitter_misc":{"Procijenjeno vrijeme \u010ditanja":"1 minuta"},"schema":{"@context":"https:\/\/schema.org","@graph":[{"@type":"WebPage","@id":"https:\/\/ahaceda.hr\/index.php\/o-ahacedi\/","url":"https:\/\/ahaceda.hr\/index.php\/o-ahacedi\/","name":"O Ahacedi - Ahaceda","isPartOf":{"@id":"https:\/\/ahaceda.hr\/#website"},"datePublished":"2020-01-12T17:07:28+00:00","breadcrumb":{"@id":"https:\/\/ahaceda.hr\/index.php\/o-ahacedi\/#breadcrumb"},"inLanguage":"hr","potentialAction":[{"@type":"ReadAction","target":["https:\/\/ahaceda.hr\/index.php\/o-ahacedi\/"]}]},{"@type":"BreadcrumbList","@id":"https:\/\/ahaceda.hr\/index.php\/o-ahacedi\/#breadcrumb","itemListElement":[{"@type":"ListItem","position":1,"name":"Po\u010detna stranica","item":"https:\/\/ahaceda.hr\/"},{"@type":"ListItem","position":2,"name":"O Ahacedi"}]},{"@type":"WebSite","@id":"https:\/\/ahaceda.hr\/#website","url":"https:\/\/ahaceda.hr\/","name":"Ahaceda","description":"Muzi\u010dko obrazovanje iz druge dimenzije","publisher":{"@id":"https:\/\/ahaceda.hr\/#organization"},"potentialAction":[{"@type":"SearchAction","target":{"@type":"EntryPoint","urlTemplate":"https:\/\/ahaceda.hr\/?s={search_term_string}"},"query-input":{"@type":"PropertyValueSpecification","valueRequired":true,"valueName":"search_term_string"}}],"inLanguage":"hr"},{"@type":"Organization","@id":"https:\/\/ahaceda.hr\/#organization","name":"Ahaceda - moderna glazbena nastava","url":"https:\/\/ahaceda.hr\/","logo":{"@type":"ImageObject","inLanguage":"hr","@id":"https:\/\/ahaceda.hr\/#\/schema\/logo\/image\/","url":"http:\/\/ahaceda.hr\/wp-content\/uploads\/2020\/03\/logo-ahaceda.png","contentUrl":"http:\/\/ahaceda.hr\/wp-content\/uploads\/2020\/03\/logo-ahaceda.png","width":512,"height":512,"caption":"Ahaceda - moderna glazbena nastava"},"image":{"@id":"https:\/\/ahaceda.hr\/#\/schema\/logo\/image\/"}}]}},"uagb_featured_image_src":{"full":false,"thumbnail":false,"medium":false,"medium_large":false,"large":false,"1536x1536":false,"2048x2048":false,"post-thumbnail":false,"twentytwenty-fullscreen":false},"uagb_author_info":{"display_name":"Andelko","author_link":"https:\/\/ahaceda.hr\/index.php\/author\/andelko\/"},"uagb_comment_info":0,"uagb_excerpt":"Ahaceda je mjesto koje se zala\u017ee za cjeloviti pristup svakom u\u010deniku kao osobi sa svojim specifi\u010dnostima, \u017eeljama i afinitetima. Ideja nije ukalupiti u\u010denike u jednom pravcu nego ih potaknuti na rast i razvoj kako glazbenika amatera tako i profesionalnih glazbenika, ali prvenstveno potaknuti osobni razvoj. Ahaceda je nekompetitivni Moderni glazbeni institut koji u malim grupama&hellip;","_links":{"self":[{"href":"https:\/\/ahaceda.hr\/index.php\/wp-json\/wp\/v2\/pages\/74","targetHints":{"allow":["GET"]}}],"collection":[{"href":"https:\/\/ahaceda.hr\/index.php\/wp-json\/wp\/v2\/pages"}],"about":[{"href":"https:\/\/ahaceda.hr\/index.php\/wp-json\/wp\/v2\/types\/page"}],"author":[{"embeddable":true,"href":"https:\/\/ahaceda.hr\/index.php\/wp-json\/wp\/v2\/users\/1"}],"replies":[{"embeddable":true,"href":"https:\/\/ahaceda.hr\/index.php\/wp-json\/wp\/v2\/comments?post=74"}],"version-history":[{"count":1,"href":"https:\/\/ahaceda.hr\/index.php\/wp-json\/wp\/v2\/pages\/74\/revisions"}],"predecessor-version":[{"id":78,"href":"https:\/\/ahaceda.hr\/index.php\/wp-json\/wp\/v2\/pages\/74\/revisions\/78"}],"wp:attachment":[{"href":"https:\/\/ahaceda.hr\/index.php\/wp-json\/wp\/v2\/media?parent=74"}],"curies":[{"name":"wp","href":"https:\/\/api.w.org\/{rel}","templated":true}]}}